{"id":91,"date":"2026-01-06T18:59:27","date_gmt":"2026-01-06T17:59:27","guid":{"rendered":"https:\/\/csrformation.fr\/?page_id=91"},"modified":"2026-01-08T18:51:39","modified_gmt":"2026-01-08T17:51:39","slug":"a-propos","status":"publish","type":"page","link":"https:\/\/csrformation.fr\/index.php\/a-propos\/","title":{"rendered":"\u00c0 PROPOS"},"content":{"rendered":"\n<div class=\"wp-block-group alignfull has-accent-background-color has-background has-global-padding is-layout-constrained wp-container-core-group-is-layout-669513ed wp-block-group-is-layout-constrained\" style=\"margin-top:0;margin-bottom:0;padding-top:var(--wp--preset--spacing--50);padding-right:var(--wp--preset--spacing--50);padding-bottom:var(--wp--preset--spacing--50);padding-left:var(--wp--preset--spacing--50)\">\n<div class=\"wp-block-columns alignwide is-layout-flex wp-container-core-columns-is-layout-1da03c2a wp-block-columns-is-layout-flex\">\n<div class=\"wp-block-column is-vertically-aligned-stretch is-layout-flow wp-block-column-is-layout-flow\" style=\"flex-basis:50%\">\n<div class=\"wp-block-group is-vertical is-content-justification-stretch is-layout-flex wp-container-core-group-is-layout-444d5ee8 wp-block-group-is-layout-flex\" style=\"min-height:100%\">\n<p class=\"has-heading-font-family has-x-large-font-size\" style=\"line-height:1.2\">CSR Formation propose des solutions compl\u00e8tes en enseignement de la conduite, en formation pratique et en sensibilisation \u00e0 la s\u00e9curit\u00e9 routi\u00e8re.<\/p>\n\n\n\n<div class=\"wp-block-group has-global-padding is-content-justification-left is-layout-constrained wp-container-core-group-is-layout-9fe8ed88 wp-block-group-is-layout-constrained\">\n<p class=\"wp-container-content-0733e5d0\">Laisser une marque ind\u00e9l\u00e9bile sur la route de demain.<\/p>\n\n\n\n<div class=\"wp-block-buttons is-layout-flex wp-block-buttons-is-layout-flex\">\n<div class=\"wp-block-button\"><a class=\"wp-block-button__link wp-element-button\">\u00c0 propos de nous<\/a><\/div>\n<\/div>\n<\/div>\n<\/div>\n<\/div>\n\n\n\n<div class=\"wp-block-column is-vertically-aligned-center is-layout-flow wp-block-column-is-layout-flow\" style=\"flex-basis:50%\">\n<figure class=\"wp-block-image size-full is-style-rounded wp-duotone-unset-2 is-style-rounded--1\"><img loading=\"lazy\" decoding=\"async\" width=\"794\" height=\"1123\" src=\"https:\/\/csrformation.fr\/wp-content\/uploads\/2025\/12\/dessin.png\" alt=\"\" class=\"wp-image-39\" style=\"aspect-ratio:3\/4;object-fit:cover\" srcset=\"https:\/\/csrformation.fr\/wp-content\/uploads\/2025\/12\/dessin.png 794w, https:\/\/csrformation.fr\/wp-content\/uploads\/2025\/12\/dessin-212x300.png 212w, https:\/\/csrformation.fr\/wp-content\/uploads\/2025\/12\/dessin-724x1024.png 724w, https:\/\/csrformation.fr\/wp-content\/uploads\/2025\/12\/dessin-768x1086.png 768w\" sizes=\"auto, (max-width: 794px) 100vw, 794px\" \/><\/figure>\n<\/div>\n<\/div>\n<\/div>\n\n\n\n<div class=\"wp-block-group alignfull has-base-background-color has-background has-global-padding is-layout-constrained wp-container-core-group-is-layout-d89aad35 wp-block-group-is-layout-constrained\" style=\"margin-top:0;margin-bottom:0;padding-top:var(--wp--preset--spacing--50);padding-right:var(--wp--preset--spacing--50);padding-bottom:var(--wp--preset--spacing--50);padding-left:var(--wp--preset--spacing--50)\">\n<div class=\"wp-block-columns alignwide is-layout-flex wp-container-core-columns-is-layout-549b0c86 wp-block-columns-is-layout-flex\">\n<div class=\"wp-block-column has-global-padding is-content-justification-left is-layout-constrained wp-container-core-column-is-layout-4f15e8fe wp-block-column-is-layout-constrained\" style=\"flex-basis:40%\">\n<p>Contribuer durablement \u00e0 l\u2019am\u00e9lioration des comportements sur la route et \u00e0 la r\u00e9duction des risques routiers.<\/p>\n<\/div>\n\n\n\n<div class=\"wp-block-column is-layout-flow wp-container-core-column-is-layout-119bc444 wp-block-column-is-layout-flow\" style=\"flex-basis:60%\">\n<p class=\"has-heading-font-family has-x-large-font-size\" style=\"line-height:1.2\">Avec une attention constante port\u00e9e \u00e0 la p\u00e9dagogie, \u00e0 la s\u00e9curit\u00e9 et aux besoins de chaque apprenant, nous proposons des formations qui accompagnent, responsabilisent et contribuent \u00e0 une conduite plus s\u00fbre pour tous.<\/p>\n\n\n\n<div class=\"wp-block-columns is-layout-flex wp-container-core-columns-is-layout-df379629 wp-block-columns-is-layout-flex\" style=\"padding-top:0;padding-right:0;padding-bottom:0;padding-left:0\">\n<div class=\"wp-block-column is-layout-flow wp-block-column-is-layout-flow\">\n<p class=\"wp-container-content-9cfa9a5a\">Le projet <strong>CSR Formation<\/strong> est n\u00e9 d\u2019une exp\u00e9rience concr\u00e8te de la route et d\u2019une volont\u00e9 profonde de contribuer \u00e0 une conduite plus responsable et plus s\u00fbre.<\/p>\n\n\n\n<p>Apr\u00e8s plusieurs ann\u00e9es pass\u00e9es sur la route dans le cadre d\u2019une activit\u00e9 professionnelle, l\u2019id\u00e9e de devenir enseignant de la conduite s\u2019est impos\u00e9e naturellement. Cette exp\u00e9rience quotidienne a permis de constater, au fil du temps, l\u2019importance d\u2019une formation de qualit\u00e9, mais aussi les cons\u00e9quences parfois dramatiques d\u2019un manque de pr\u00e9vention, de ma\u00eetrise ou de sensibilisation aux risques routiers.<\/p>\n\n\n\n<p>En 2023, ce constat a conduit \u00e0 une reconversion professionnelle r\u00e9fl\u00e9chie, avec l\u2019objectif clair de transmettre, de pr\u00e9venir et d\u2019agir concr\u00e8tement pour la s\u00e9curit\u00e9 routi\u00e8re. Cette d\u00e9marche s\u2019est concr\u00e9tis\u00e9e par l\u2019obtention du <strong>Titre Professionnel d\u2019Enseignant de la Conduite et de la S\u00e9curit\u00e9 Routi\u00e8re (TP ECSR)<\/strong>, incluant une formation compl\u00e8te et une immersion en auto-\u00e9cole, afin de garantir un enseignement rigoureux, conforme aux exigences r\u00e9glementaires et aux r\u00e9alit\u00e9s du terrain.<\/p>\n<\/div>\n\n\n\n<div class=\"wp-block-column is-layout-flow wp-block-column-is-layout-flow\">\n<p class=\"has-text-align-left\"><strong>CSR Formation<\/strong> a \u00e9t\u00e9 cr\u00e9\u00e9 avec une ambition simple mais essentielle :<br><strong>former des conducteurs responsables, conscients des dangers de la route, et capables d\u2019adopter un comportement s\u00fbr et respectueux.<\/strong><\/p>\n\n\n\n<p>Au-del\u00e0 de la pr\u00e9paration aux examens, l\u2019objectif est de participer, \u00e0 son \u00e9chelle, \u00e0 la r\u00e9duction des accidents et \u00e0 la pr\u00e9servation des vies. Chaque formation, chaque s\u00e9ance de conduite, chaque action de sensibilisation est pens\u00e9e comme un levier pour limiter les comportements \u00e0 risque et favoriser une mobilit\u00e9 plus s\u00fbre pour tous.<\/p>\n\n\n\n<p>Structure \u00e0 taille humaine, <strong>CSR Formation<\/strong> place l\u2019\u00e9coute, la p\u00e9dagogie et la confiance au c\u0153ur de son approche. L\u2019accompagnement est personnalis\u00e9, adapt\u00e9 au rythme et aux besoins de chacun, qu\u2019il s\u2019agisse de futurs conducteurs, de professionnels de la route ou d\u2019entreprises engag\u00e9es dans la pr\u00e9vention des risques routiers.<\/p>\n\n\n\n<p class=\"wp-container-content-9cfa9a5a\">Parce que la route se partage et que chaque d\u00e9cision compte, <strong>former aujourd\u2019hui, c\u2019est prot\u00e9ger des vies demain<\/strong>.<\/p>\n<\/div>\n<\/div>\n<\/div>\n<\/div>\n<\/div>\n\n\n\n<div class=\"wp-block-group alignfull has-accent-5-background-color has-background has-global-padding is-layout-constrained wp-container-core-group-is-layout-d89aad35 wp-block-group-is-layout-constrained\" style=\"margin-top:0;margin-bottom:0;padding-top:var(--wp--preset--spacing--50);padding-right:var(--wp--preset--spacing--50);padding-bottom:var(--wp--preset--spacing--50);padding-left:var(--wp--preset--spacing--50)\">\n<div class=\"wp-block-columns alignwide is-layout-flex wp-container-core-columns-is-layout-1da03c2a wp-block-columns-is-layout-flex\">\n<div class=\"wp-block-column is-vertically-aligned-center is-layout-flow wp-block-column-is-layout-flow\" style=\"flex-basis:60%\">\n<figure class=\"wp-block-image size-full is-style-rounded wp-duotone-unset-4 is-style-rounded--3\"><img loading=\"lazy\" decoding=\"async\" width=\"1280\" height=\"854\" src=\"https:\/\/csrformation.fr\/wp-content\/uploads\/2026\/01\/drivers-license-7385049_1280.png\" alt=\"\" class=\"wp-image-104\" style=\"aspect-ratio:4\/3;object-fit:cover\" srcset=\"https:\/\/csrformation.fr\/wp-content\/uploads\/2026\/01\/drivers-license-7385049_1280.png 1280w, https:\/\/csrformation.fr\/wp-content\/uploads\/2026\/01\/drivers-license-7385049_1280-300x200.png 300w, https:\/\/csrformation.fr\/wp-content\/uploads\/2026\/01\/drivers-license-7385049_1280-1024x683.png 1024w, https:\/\/csrformation.fr\/wp-content\/uploads\/2026\/01\/drivers-license-7385049_1280-768x512.png 768w\" sizes=\"auto, (max-width: 1280px) 100vw, 1280px\" \/><\/figure>\n<\/div>\n\n\n\n<div class=\"wp-block-column is-layout-flow wp-block-column-is-layout-flow\" style=\"flex-basis:60%\">\n<h2 class=\"wp-block-heading\"><strong>Vous accompagner \u00e0 chaque \u00e9tape de votre parcours<\/strong><br><\/h2>\n\n\n\n<p>CSR Formation met son expertise au service de votre r\u00e9ussite, en proposant des formations rigoureuses, adapt\u00e9es et orient\u00e9es vers une conduite plus s\u00fbre et responsable.<\/p>\n\n\n\n<div class=\"wp-block-buttons is-layout-flex wp-block-buttons-is-layout-flex\">\n<div class=\"wp-block-button\"><a class=\"wp-block-button__link wp-element-button\">Nos FORMATIONs<\/a><\/div>\n<\/div>\n<\/div>\n<\/div>\n<\/div>\n\n\n\n<div class=\"wp-block-group alignfull has-global-padding is-layout-constrained wp-container-core-group-is-layout-d89aad35 wp-block-group-is-layout-constrained\" style=\"margin-top:0;margin-bottom:0;padding-top:var(--wp--preset--spacing--50);padding-right:var(--wp--preset--spacing--50);padding-bottom:var(--wp--preset--spacing--50);padding-left:var(--wp--preset--spacing--50)\">\n<div class=\"wp-block-group alignwide has-base-2-background-color has-background is-layout-flow wp-block-group-is-layout-flow\" style=\"border-radius:16px;padding-top:var(--wp--preset--spacing--50);padding-right:var(--wp--preset--spacing--50);padding-bottom:var(--wp--preset--spacing--50);padding-left:var(--wp--preset--spacing--50)\">\n<p class=\"has-text-align-center\">Les auto-\u00e9coles avec lesquelles nous avons travaill\u00e9<\/p>\n\n\n\n<div style=\"height:var(--wp--preset--spacing--10)\" aria-hidden=\"true\" class=\"wp-block-spacer\"><\/div>\n\n\n\n<div class=\"wp-block-group alignwide is-content-justification-center is-layout-flex wp-container-core-group-is-layout-f95ffa09 wp-block-group-is-layout-flex\" style=\"padding-top:0;padding-right:0;padding-bottom:0;padding-left:0\">\n\n\n\n\n\n\n\n<\/div>\n<\/div>\n<\/div>\n\n\n\n<div class=\"wp-block-group alignfull has-base-color has-contrast-background-color has-text-color has-background has-link-color wp-elements-691581ebfec9900557bff47961952248 has-global-padding is-layout-constrained wp-container-core-group-is-layout-d89aad35 wp-block-group-is-layout-constrained\" style=\"margin-top:0;margin-bottom:0;padding-top:var(--wp--preset--spacing--50);padding-right:var(--wp--preset--spacing--50);padding-bottom:var(--wp--preset--spacing--50);padding-left:var(--wp--preset--spacing--50)\">\n<h2 class=\"wp-block-heading alignwide has-base-color has-text-color has-link-color wp-elements-961120e30645e03a629938c532f241fe\" style=\"font-size:clamp(4.509rem, 4.509rem + ((1vw - 0.2rem) * 9.152), 10rem);letter-spacing:-0.02em\">FAQ<\/h2>\n\n\n\n<div class=\"wp-block-group alignwide is-layout-flow wp-block-group-is-layout-flow\">\n<hr class=\"wp-block-separator has-text-color has-base-color has-alpha-channel-opacity has-base-background-color has-background is-style-wide\" style=\"margin-top:var(--wp--preset--spacing--30);margin-bottom:var(--wp--preset--spacing--30)\"\/>\n\n\n\n<h3 class=\"wp-block-heading alignwide has-base-2-color has-text-color has-link-color wp-elements-6c018f94da17abfb738f95e8e4a777d6\">\u00c0 qui s\u2019adressent les formations propos\u00e9es par CSR Formation ?<\/h3>\n\n\n\n<p class=\"has-contrast-1-color has-text-color has-link-color wp-elements-0b0a5bb7b0ea0dda0cedc75e5751c9e5\">Nos formations s\u2019adressent aux particuliers souhaitant obtenir ou am\u00e9liorer leur permis de conduire, aux chauffeurs VTC en pr\u00e9paration de l\u2019\u00e9preuve pratique, ainsi qu\u2019aux entreprises et collectivit\u00e9s engag\u00e9es dans des actions de pr\u00e9vention et de s\u00e9curit\u00e9 routi\u00e8re.<\/p>\n\n\n\n<hr class=\"wp-block-separator has-text-color has-base-color has-alpha-channel-opacity has-base-background-color has-background is-style-wide\" style=\"margin-top:var(--wp--preset--spacing--30);margin-bottom:var(--wp--preset--spacing--30)\"\/>\n\n\n\n<h3 class=\"wp-block-heading alignwide has-base-2-color has-text-color has-link-color wp-elements-67d63ca006f110cd2292e15162f4329a\">Proposez-vous des remises \u00e0 niveau pour les conducteurs d\u00e9j\u00e0 titulaires du permis ?<\/h3>\n\n\n\n<p class=\"has-contrast-1-color has-text-color has-link-color wp-elements-b55ef21a4f5ad74c8af3f68545f3bc93\">Oui. Nous accompagnons les conducteurs souhaitant reprendre confiance, se perfectionner ou s\u2019adapter \u00e0 de nouvelles conditions de conduite. Les s\u00e9ances sont personnalis\u00e9es en fonction du niveau et des besoins de chacun.<\/p>\n\n\n\n<hr class=\"wp-block-separator has-text-color has-base-color has-alpha-channel-opacity has-base-background-color has-background is-style-wide\" style=\"margin-top:var(--wp--preset--spacing--30);margin-bottom:var(--wp--preset--spacing--30)\"\/>\n\n\n\n<h3 class=\"wp-block-heading alignwide has-base-2-color has-text-color has-link-color wp-elements-fd6099979e11120994ba4d8901575cf3\">En quoi consiste la formation pratique VTC ?<\/h3>\n\n\n\n<p class=\"has-contrast-1-color has-text-color has-link-color wp-elements-956b9482531380281d1d85819f47ad07\">La formation pratique VTC vise \u00e0 pr\u00e9parer efficacement les candidats \u00e0 l\u2019\u00e9preuve pratique de l\u2019examen. Elle comprend un entra\u00eenement cibl\u00e9, un accompagnement individualis\u00e9 et la mise \u00e0 disposition d\u2019un v\u00e9hicule \u00e0 double commande le jour de l\u2019examen.<\/p>\n\n\n\n<hr class=\"wp-block-separator has-text-color has-base-color has-alpha-channel-opacity has-base-background-color has-background is-style-wide\" style=\"margin-top:var(--wp--preset--spacing--30);margin-bottom:var(--wp--preset--spacing--30)\"\/>\n\n\n\n<h3 class=\"wp-block-heading alignwide has-base-2-color has-text-color has-link-color wp-elements-eebcfee4f85552c8b87b2b2bcfe61cbe\">Intervenez-vous en entreprise pour des actions de sensibilisation \u00e0 la s\u00e9curit\u00e9 routi\u00e8re ?<\/h3>\n\n\n\n<p class=\"has-contrast-1-color has-text-color has-link-color wp-elements-97a240a7f69293f740da01dc9dc1bdb4\">Oui. Nous proposons des actions de sensibilisation et de pr\u00e9vention des risques routiers en entreprise, adapt\u00e9es au public et aux enjeux professionnels, afin de promouvoir une conduite plus s\u00fbre et responsable.<\/p>\n\n\n\n<div style=\"margin-top:var(--wp--preset--spacing--10);margin-bottom:0;height:var(--wp--preset--spacing--10)\" aria-hidden=\"true\" class=\"wp-block-spacer\"><\/div>\n<\/div>\n<\/div>\n\n\n\n<div class=\"wp-block-group alignfull has-global-padding is-layout-constrained wp-container-core-group-is-layout-d89aad35 wp-block-group-is-layout-constrained\" style=\"margin-top:0;margin-bottom:0;padding-top:var(--wp--preset--spacing--50);padding-right:var(--wp--preset--spacing--50);padding-bottom:var(--wp--preset--spacing--50);padding-left:var(--wp--preset--spacing--50)\"><\/div>\n","protected":false},"excerpt":{"rendered":"<p>CSR Formation propose des solutions compl\u00e8tes en enseignement de la conduite, en formation pratique et en sensibilisation \u00e0 la s\u00e9curit\u00e9 routi\u00e8re. Laisser une marque ind\u00e9l\u00e9bile sur la route de demain. Contribuer durablement \u00e0 l\u2019am\u00e9lioration des comportements sur la route et \u00e0 la r\u00e9duction des risques routiers. Avec une attention constante port\u00e9e \u00e0 la p\u00e9dagogie, \u00e0 [&hellip;]<\/p>\n","protected":false},"author":1,"featured_media":0,"parent":0,"menu_order":0,"comment_status":"closed","ping_status":"closed","template":"","meta":{"footnotes":""},"class_list":["post-91","page","type-page","status-publish","hentry"],"_links":{"self":[{"href":"https:\/\/csrformation.fr\/index.php\/wp-json\/wp\/v2\/pages\/91","targetHints":{"allow":["GET"]}}],"collection":[{"href":"https:\/\/csrformation.fr\/index.php\/wp-json\/wp\/v2\/pages"}],"about":[{"href":"https:\/\/csrformation.fr\/index.php\/wp-json\/wp\/v2\/types\/page"}],"author":[{"embeddable":true,"href":"https:\/\/csrformation.fr\/index.php\/wp-json\/wp\/v2\/users\/1"}],"replies":[{"embeddable":true,"href":"https:\/\/csrformation.fr\/index.php\/wp-json\/wp\/v2\/comments?post=91"}],"version-history":[{"count":6,"href":"https:\/\/csrformation.fr\/index.php\/wp-json\/wp\/v2\/pages\/91\/revisions"}],"predecessor-version":[{"id":111,"href":"https:\/\/csrformation.fr\/index.php\/wp-json\/wp\/v2\/pages\/91\/revisions\/111"}],"wp:attachment":[{"href":"https:\/\/csrformation.fr\/index.php\/wp-json\/wp\/v2\/media?parent=91"}],"curies":[{"name":"wp","href":"https:\/\/api.w.org\/{rel}","templated":true}]}}